{"id":25,"date":"2013-05-03T10:05:52","date_gmt":"2013-05-03T08:05:52","guid":{"rendered":"http:\/\/www.bi-boehmfeld.de\/?page_id=25"},"modified":"2013-05-10T23:15:04","modified_gmt":"2013-05-10T21:15:04","slug":"kritikpunkte-am-ist-stand","status":"publish","type":"page","link":"http:\/\/www.bi-boehmfeld.de\/?page_id=25","title":{"rendered":"Kritikpunkte Reisberg"},"content":{"rendered":"<p><strong><\/strong>Die Hauptwindrichtung in B\u00f6hmfeld ist aus S\u00fcd-West.<br \/>\n<strong>Die gew\u00e4hlte Position der EGB-Windr\u00e4der steht genau in dieser Hauptwindrichtung.<\/strong><br \/>\nDa die L\u00e4rmausbreitung auch von der Luftbewegung abh\u00e4ngt, ist dieser Standort f\u00fcr B\u00f6hmfeld der <strong>ung\u00fcnstigste<\/strong> bzgl. L\u00e4rmbel\u00e4stigung.<\/p>\n<p>Die Haltung der EGB zum gew\u00e4hlten WKA Standort ist wie bei jeder Firma ausschlie\u00dflich auf den Ertrag und somit auf den monit\u00e4ren Erfolg konzentriert. <strong>Die menschliche Ber\u00fccksichtigung wird dem finanziellen Erfolg untergeordnet.<\/strong><\/p>\n<p>Wir wehren uns, dass unsere Gesundheit und unser Wohlbefinden f\u00fcr der Gewinnmaximierung geopfert wird. Die Vorgabe darf nur hei\u00dfen, Gesundheit vor maximalem Gewinn. Das geht alle B\u00f6hmfelder B\u00fcrger an.<\/p>\n<p><b>Warum ist der Standort am Reisberg <span style=\"text-decoration: underline;\">nicht<\/span> konfliktarm?\u00a0 <\/b><\/p>\n<ol start=\"1\">\n<li>Die <b>Entfernung von nur 1.000 m bzw. 1.200 m<\/b> ist angesichts der wahrlich <b>gigantischen <\/b>Dimensionen der Windkraftanlagen (WKA) mit einer <b>Gesamth\u00f6he von 207 m<\/b> viel zu gering.<\/li>\n<li>Die ohnehin schon <b>optisch bedr\u00e4ngende Wirkung <\/b>wird durch die <b>Nordhanglage<\/b> B\u00f6hmfelds nocheinmal verst\u00e4rkt.<\/li>\n<li>Durch die <b>s\u00fcdwestliche Ausrichtung<\/b> zu B\u00f6hmfeld stehen die WKA in der <b>Hauptwindrichtung<\/b>, so dass der Schall besonders <b>h\u00e4ufig <\/b>und <b>stark <\/b>ins Dorf eingetragen wird.<\/li>\n<li>Nach neuen und neuesten Erkenntnissen birgt der von den WKA ausgehende <b>Infraschall <\/b>gro\u00dfe <b>Gef\u00e4hrungspotenziale<\/b>. Infraschall kann aufgrund der gro\u00dfen Wellenl\u00e4nge so gut wie <b>nicht abged\u00e4mmt<\/b> werden. Die Aussage, dass Infraschall nach 250 m keine sch\u00e4digende Wirkung mehr habe, beruht auf einem <b>veralteten Kenntnisstand<\/b> aus den Jahren 1998\/99, der auch der <b>TA L\u00e4rm <\/b>zugrunde liegt.<\/li>\n<li>Durch die <b>s\u00fcdwestliche Ausrichtung<\/b> zum Dorf und die <b>erh\u00f6hte Lage <\/b>auf dem Reisberg wird der Schattenschlag maximiert. Der Schattenschlag reicht beim WKA-Typ Enercon E 115 mit 10.387 qm Rotorfl\u00e4che <b>mehr als 1,5 km weit<\/b> (vom Herbst bis in das Fr\u00fchjahr).<\/li>\n<li>Wer den Anwohnern ein Leben mit den gesetzlichen Grenzwerten bei Schall\u00a0 und Schattenschlag zumutet, riskiert einen <b>gerichtlichen Streit<\/b> \u00fcber deren Einhaltung. Ein solches Szenario kann nicht im Interesse der B\u00f6hmfelder sein. Es existiert ein Risiko, \u00a0dass ein Windrad <b>trotz beh\u00f6rdlicher Genehmigung <\/b>im <b>Nachhinein mit gerichtlichen Auflagen<\/b> belastet (Bsp. Kienberg-Ammerfeld) und damit ggf. unrentabel wird.<\/li>\n<li>Weil wohl die <b>\u00fcberwiegende<\/b> Mehrheit der B\u00fcrger in B\u00f6hmfeld ihre <b>Terrassen <\/b>und <b>Balkone <\/b>bevorzugt nach <b>S\u00fcden und Westen<\/b> ausgerichtet hat, ist die <b>Sichtbarkeit der WKA<\/b> besonders evident (vergl. <b>Querschnittsbild B\u00f6hmfelds<\/b>)<\/li>\n<li>Wegen der geringen Entfernung zum Ortsrand und den resultierenden Belastungen werden die\u00a0 <b>Immobilienwerte <\/b>deutlich <b>sinken,<\/b> die private <b>Altersvorsorge<\/b> ist damit gef\u00e4hrdet.<\/li>\n<li>Mit der Ausweisung kleiner, fragmentierter Konzentrationsfl\u00e4chen in der Gemarkung B\u00f6hmfeld ist die <b>\u201eVerspargelung\u201c <\/b>vorprogrammiert. Zuk\u00fcnftige Anlagen werden mit dem <b>technischen Fortschritt<\/b> auch dort rentabel sein werden, wo heute noch\u00a0 kein Geld zu verdienen ist. Au\u00dferdem wird eine <b>interkommunale Zusammenarbeit <\/b>mit anderen Gemeinden <b>verhindert<\/b>.<\/li>\n<li>Die B\u00f6hmfelder <b>Bev\u00f6lkerung <\/b>wird durch die \u201eeigene\u201c B\u00f6hmfelder Energiegenossenschaft <b>gespalten, <\/b>da diese nur auf diesen einen Standort fixiert ist \u2013 nicht durch die B\u00fcrger, die sozialvertr\u00e4gliche Abst\u00e4nde zu <b>allen <\/b>B\u00f6hmfelder Ortsgrenzen fordern.<\/li>\n<li>Die Umsetzung der WKA am Reisberg <b>gegen<\/b> einen <b>substanziellen <\/b>Teil der \u00f6rtlichen<b> Bev\u00f6lkerung<\/b> schafft <b>keine nachhaltige Akzeptanz<\/b>, ist damit<b> kein B\u00fcrgerwindrad <\/b>und<b> <\/b>hat dadurch auch <b>keinen Vorbildcharakter.<\/b> Eine <b>schlechte<\/b> Standortwahl erweist dem w\u00fcnschenswerten Ausbau der erneuerbaren Energien einen <b>B\u00e4rendienst<\/b>.<\/li>\n<\/ol>\n<p>&nbsp;<\/p>\n","protected":false},"excerpt":{"rendered":"<p>Die Hauptwindrichtung in B\u00f6hmfeld ist aus S\u00fcd-West. Die gew\u00e4hlte Position der EGB-Windr\u00e4der steht genau in dieser Hauptwindrichtung. Da die L\u00e4rmausbreitung auch von der Luftbewegung abh\u00e4ngt, ist dieser Standort f\u00fcr B\u00f6hmfeld der ung\u00fcnstigste bzgl. L\u00e4rmbel\u00e4stigung. Die Haltung der EGB zum gew\u00e4hlten WKA Standort ist wie bei jeder Firma ausschlie\u00dflich auf den Ertrag und somit auf den [&hellip;]<\/p>\n","protected":false},"author":1,"featured_media":0,"parent":0,"menu_order":5,"comment_status":"closed","ping_status":"closed","template":"","meta":[],"_links":{"self":[{"href":"http:\/\/www.bi-boehmfeld.de\/index.php?rest_route=\/wp\/v2\/pages\/25"}],"collection":[{"href":"http:\/\/www.bi-boehmfeld.de\/index.php?rest_route=\/wp\/v2\/pages"}],"about":[{"href":"http:\/\/www.bi-boehmfeld.de\/index.php?rest_route=\/wp\/v2\/types\/page"}],"author":[{"embeddable":true,"href":"http:\/\/www.bi-boehmfeld.de\/index.php?rest_route=\/wp\/v2\/users\/1"}],"replies":[{"embeddable":true,"href":"http:\/\/www.bi-boehmfeld.de\/index.php?rest_route=%2Fwp%2Fv2%2Fcomments&post=25"}],"version-history":[{"count":17,"href":"http:\/\/www.bi-boehmfeld.de\/index.php?rest_route=\/wp\/v2\/pages\/25\/revisions"}],"predecessor-version":[{"id":141,"href":"http:\/\/www.bi-boehmfeld.de\/index.php?rest_route=\/wp\/v2\/pages\/25\/revisions\/141"}],"wp:attachment":[{"href":"http:\/\/www.bi-boehmfeld.de\/index.php?rest_route=%2Fwp%2Fv2%2Fmedia&parent=25"}],"curies":[{"name":"wp","href":"https:\/\/api.w.org\/{rel}","templated":true}]}}