{"id":17,"date":"2013-05-03T10:00:16","date_gmt":"2013-05-03T08:00:16","guid":{"rendered":"http:\/\/www.bi-boehmfeld.de\/?page_id=17"},"modified":"2013-06-02T11:50:06","modified_gmt":"2013-06-02T09:50:06","slug":"risiken-1500m","status":"publish","type":"page","link":"http:\/\/www.bi-boehmfeld.de\/?page_id=17","title":{"rendered":"Risiken < 1500m"},"content":{"rendered":"<p><b>Was sind die konkreten Gef\u00e4hrdungen und Belastungen aus Windkraftanlagen ?<\/b><\/p>\n<ol>\n<li>Infraschall<\/li>\n<li>L\u00e4rm<\/li>\n<li>Schattenschlag<\/li>\n<\/ol>\n<p><b>Infraschall:<br \/>\nWas sind die gesundheitlichen Risiken aus Infraschall ?<br \/>\n<\/b>Folgende Gesundheitsbeschwerden werden mit Infraschall in Zusammenhang gebracht:<br \/>\nSchlaflosigkeit, Konzentrationsst\u00f6rungen, Tinnitus, Herz-Kreislaufprobleme, Schwindelanf\u00e4lle, \u00dcbelkeit, \u2026. Die Medizin hat dazu folgende Erkl\u00e4rung: Die Sinneszellen \u2013feine H\u00e4rchen im menschlichen Innenohr- k\u00f6nnen Infraschall wahrnehmen. Es gibt eine direkte Verbindung zum menschlichen Stammhirn. Das Stammhirn steuert wichtige Lebens-Funktionen wie: Herzfrequenz, Blutdruck, Atumg, etc\u2026 Annahme: Das Stammhirn versetzt den Organismus in einen &#8222;Alarmzustand&#8220;, Folge davon sind die geschilderten Beschwerden. Es ist nicht jeder f\u00fcr diese Symptome gleich anf\u00e4llig, das scheint sehr individuell zu sein. Allerdings sind Menschen die Probleme mit Migr\u00e4ne, Bewegungsempfindlichkeit, Innenohr-Schaden etc.. haben, besonders anf\u00e4llig. Es w\u00e4re ja schon schlimm genug, wenn nur jeder 10. oder 20. Mitb\u00fcrger ein gesundheitliches Problem dadurch bekommen w\u00fcrde.<\/p>\n<p><b>Was ist Infraschall eigentlich ?<\/b><br \/>\nUnter Infraschall versteht man Schall, mit einer Frequenz unterhalb von etwa 16\u00a0Hz, also im nichth\u00f6rbaren Bereich. Das menschliche Ohr kann Frequenzen von 20 Hz bis max. 20000 Hz wahrnehmen. Unter Frequenz versteht man die Anzahl an Schwingungen, die in einer bestimmten Zeit erfolgen. Diese Schwingungen k\u00f6nnen sowohl elektrische Schwingungen, als auch akustische Schwingungen sein. Die Einheit ist Herz (Hz). Ein Hz ist eine Schwingung pro Sekunde. Infraschallwellen breiten sich unabh\u00e4ngig von Tageszeit und Wetterlage sehr gut und ungehindert \u00fcber gro\u00dfe Entfernungen aus. Sie bauen sich wesentlich langsamer ab und reichen deshalb sehr viel weiter als h\u00f6rbare Schallwellen.<br \/>\nEin Schutz gegen Infraschallwellen ist nahezu nicht m\u00f6glich. Er dringt ungehindert in H\u00e4user mit geschlossenen Fenstern und T\u00fcren ein. Windr\u00e4der geben Infraschall deutlich st\u00e4rker als Schall im h\u00f6rbaren Bereich ab. Weltweite Studien renommierter Institute und Universit\u00e4ten weisen auf erhebliche Gef\u00e4hrdungspotentiale hin. Das Robert Koch Institut (Institut des Bundesgesundheitsministeriums) hat 2012 eine Studie wegen des Verdachts auf eine Gef\u00e4hrdung in Auftrag gegeben. Einzig die veraltete TA L\u00e4rm, die von vielen staatlichen Stellen zitiert und angewendet wird, verleugnet die Gef\u00e4hrdung durch Infraschall mit der Begr\u00fcndung:<br \/>\n\u201eDie im Infraschallbereich liegenden Schallimmissionen liegen unterhalb der Wahrnehmungsschwelle des Menschen und f\u00fchren daher zu keinen Bel\u00e4stigungen\u201c.<br \/>\nEinfach ausgedr\u00fcckt hei\u00dft das, was man nicht h\u00f6rt, kann auch nicht schaden.<br \/>\nDie Messungen dazu stammen allerdings aus 1998\/99 an einem viel kleineren Windrad in Kempten. Dort wurde festgestellt, dass ab einer Entfernung von 250 m der Schalldruckpegel unterhalb der Wahrnehmungsschwelle des Menschen liegt und deshalb v\u00f6llig harmlos ist.<br \/>\nSo ist die h\u00e4ufig zitierte 250 m Grenze entstanden und immer noch existent.\u00a0 Lt. Dem Bericht zur letzten Gemeinderatssitzung im DK sind \u00a0\u201ebereits ab einem Abstand von 250 Metern von einer Windkraftanlage im Allgemeinen keine erheblichen Bel\u00e4stigungen durch Infraschall mehr zu erwarten. In diesen F\u00e4llen ist keine weitere Pr\u00fcfung zum Infraschall geboten. Infraschall gibt es nicht\u201c<\/p>\n<p><b>L\u00e4rm:<br \/>\n<\/b>Die bereits geschilderten Vorg\u00e4nge am Windrad in Ammerfeld beziehen sich nur auf das Kriterium L\u00e4rm. Hier gilt der allseits bekannte und direkt messbare Grenzwert von 45 dB. Eines ist aber sicher: Etwas empfindliche Personen werden mit diesen 45 dB nachts ganz sicher nicht mit ge\u00f6ffneten Fenstern schlafen k\u00f6nnen. Das ist zumutbare Belastung.<br \/>\nIn 2007 gab es eine Studie in England, es wurden Familien die im Abstand bis 1000 m zur Windkraftanlagen lebten, befragt.\u00a0 Die Aussagen waren:<br \/>\n\u201eMan kann dem L\u00e4rm nicht entkommen \u2013 es ist wie eine defekte Waschmaschine, ein konstantes Rauschen, Trommeln, L\u00e4rm \u2013 Du kannst nachts nicht schlafen, dich tags\u00fcber nicht konzentrieren \u2013 es ist Folter \u2013 Es ist nicht so sehr die Lautst\u00e4rke, sondern die Art dieses Ger\u00e4usches. Der L\u00e4rm wird mehr gesp\u00fcrt als geh\u00f6rt.\u201c<br \/>\nWindr\u00e4der waren damals erheblich kleiner dimensioniert als heute.<br \/>\nDie Weltgesundheitsorganisation (WHO) empfiehlt einen Mindestabstand von 2000 m zu Einzelh\u00e4usern und, wie in England bereits Gesetz, 3000 m Abstand zur Wohnbebauung.<\/p>\n<p>Die Hauptwindrichtung in B\u00f6hmfeld ist aus S\u00fcd-West.<br \/>\nDie gew\u00e4hlte Position der EGB-Windr\u00e4der steht genau in dieser Hauptwindrichtung.<br \/>\nDa die L\u00e4rmausbreitung auch von der Luftbewegung abh\u00e4ngt, ist dieser Standort f\u00fcr B\u00f6hmfeld der ung\u00fcnstigste bzgl. L\u00e4rmbel\u00e4stigung.<\/p>\n<p>&nbsp;<\/p>\n<p><b>Schattenschlag:<br \/>\n<\/b>Schattenschlag entsteht durch die Abdeckung der Rotorbl\u00e4tter, die sich dann als Schatten am Boden und H\u00e4usern auswirken. Dieser Schatten wechselt sich dann mit Sonnenschein sehr schnell ab.<br \/>\nDas geschieht bei einer Drehzahl von angenommenen 10 Umdrehungen pro Minute und 3 Rotorbl\u00e4ttern alle 2 Sekunden. Man hat dann eben alle 2 Sekunden Sonne und Schatten abwechselnd. Das ertr\u00e4gt auf Dauer niemand. Zumutbar lt. Gesetz sind 30 Minuten pro Tag und 30 Stunden pro Jahr.<br \/>\nAuf dem Bild auf Seite 3 (unseres Flyers) ist der Schattenwurf des Mastes und der Fl\u00fcgelbl\u00e4tter vom Ammerfelder Windrad gut zu sehen.\u00a0 Standorte im s\u00fcdlichen Bereich von Ortschaften sind immer die ung\u00fcnstigsten , da Schattenschlag sonnenstandsbedingt immer vorhanden ist.<br \/>\nStandorte im Norden sind nie mit diesem Problem behaftet.<\/p>\n<p><a title=\"Sehenswerter Erfahrungsbericht des SWR vom Leben mit Windkraftanlagen\" href=\"http:\/\/www.bi-boehmfeld.de\/?p=221\">Link: Sehenswerter Erfahrungsbericht&#8230;<\/a><\/p>\n<p>&nbsp;<\/p>\n","protected":false},"excerpt":{"rendered":"<p>Was sind die konkreten Gef\u00e4hrdungen und Belastungen aus Windkraftanlagen ? Infraschall L\u00e4rm Schattenschlag Infraschall: Was sind die gesundheitlichen Risiken aus Infraschall ? Folgende Gesundheitsbeschwerden werden mit Infraschall in Zusammenhang gebracht: Schlaflosigkeit, Konzentrationsst\u00f6rungen, Tinnitus, Herz-Kreislaufprobleme, Schwindelanf\u00e4lle, \u00dcbelkeit, \u2026. Die Medizin hat dazu folgende Erkl\u00e4rung: Die Sinneszellen \u2013feine H\u00e4rchen im menschlichen Innenohr- k\u00f6nnen Infraschall wahrnehmen. Es gibt [&hellip;]<\/p>\n","protected":false},"author":1,"featured_media":0,"parent":0,"menu_order":4,"comment_status":"closed","ping_status":"closed","template":"","meta":[],"_links":{"self":[{"href":"http:\/\/www.bi-boehmfeld.de\/index.php?rest_route=\/wp\/v2\/pages\/17"}],"collection":[{"href":"http:\/\/www.bi-boehmfeld.de\/index.php?rest_route=\/wp\/v2\/pages"}],"about":[{"href":"http:\/\/www.bi-boehmfeld.de\/index.php?rest_route=\/wp\/v2\/types\/page"}],"author":[{"embeddable":true,"href":"http:\/\/www.bi-boehmfeld.de\/index.php?rest_route=\/wp\/v2\/users\/1"}],"replies":[{"embeddable":true,"href":"http:\/\/www.bi-boehmfeld.de\/index.php?rest_route=%2Fwp%2Fv2%2Fcomments&post=17"}],"version-history":[{"count":18,"href":"http:\/\/www.bi-boehmfeld.de\/index.php?rest_route=\/wp\/v2\/pages\/17\/revisions"}],"predecessor-version":[{"id":226,"href":"http:\/\/www.bi-boehmfeld.de\/index.php?rest_route=\/wp\/v2\/pages\/17\/revisions\/226"}],"wp:attachment":[{"href":"http:\/\/www.bi-boehmfeld.de\/index.php?rest_route=%2Fwp%2Fv2%2Fmedia&parent=17"}],"curies":[{"name":"wp","href":"https:\/\/api.w.org\/{rel}","templated":true}]}}