{"id":15,"date":"2013-05-03T09:59:08","date_gmt":"2013-05-03T07:59:08","guid":{"rendered":"http:\/\/www.bi-boehmfeld.de\/?page_id=15"},"modified":"2014-09-30T23:07:50","modified_gmt":"2014-09-30T21:07:50","slug":"unser-standpunkt","status":"publish","type":"page","link":"http:\/\/www.bi-boehmfeld.de\/?page_id=15","title":{"rendered":"Unser Standpunkt"},"content":{"rendered":"<p>Die zahlreichen Unterzeichner der <strong><i>\u201e<\/i><\/strong><i><strong>Petition an die Gemeindevertreter von B\u00f6hmfeld zur Standortwahl der Konzentrationsfl\u00e4chen f\u00fcr Windkraftanlagen\u201c<\/strong>, <\/i>\u00a0sind ausdr\u00fccklich f\u00fcr erneuerbare Energien und auch f\u00fcr Windkraft, jedoch bei gleichzeitig minimierten Gefahren, Risiken und Bel\u00e4stigungen.<br \/>\nWir m\u00f6chten mit unseren Fakten und Darstellungen dem B\u00fcrger weitere Entscheidungshilfen mitgeben, um sich aus einem breiten Informationsspektrum seine eigene, umfassendere Meinung bilden zu k\u00f6nnen.<br \/>\n<strong>Es geht prim\u00e4r nicht nur darum, dass Grenzwerte eingehalten werden, sondern &#8211;\u00a0 die Gemeinde B\u00f6hmfeld sollte daf\u00fcr Sorge tragen,\u00a0 dass ihre B\u00fcrger m\u00f6glichst wenigen gesundheitlichen Gefahren und Belastungen ausgesetzt werden.<\/strong><\/p>\n<p><img loading=\"lazy\" class=\"alignnone size-full wp-image-52\" alt=\"C-69087_800\" src=\"http:\/\/www.bi-boehmfeld.de\/wp-content\/uploads\/2013\/05\/C-69087_800.jpg\" width=\"799\" height=\"533\" srcset=\"http:\/\/www.bi-boehmfeld.de\/wp-content\/uploads\/2013\/05\/C-69087_800.jpg 799w, http:\/\/www.bi-boehmfeld.de\/wp-content\/uploads\/2013\/05\/C-69087_800-300x200.jpg 300w, http:\/\/www.bi-boehmfeld.de\/wp-content\/uploads\/2013\/05\/C-69087_800-624x416.jpg 624w\" sizes=\"(max-width: 799px) 100vw, 799px\" \/><\/p>\n<p>Das Bem\u00fchen der Gemeinde B\u00f6hmfeld, Konzentrationsfl\u00e4chen f\u00fcr Windenergienutzung in B\u00f6hmfeld auszuweisen, wird von uns mitgetragen, da nur damit eine b\u00fcrgervertr\u00e4gliche Steuerung m\u00f6glich ist.\u00a0 Wir m\u00f6chten, dass nur Standorte in der Gemarkung B\u00f6hmfeld ausgewiesen werden, die sowohl einen wirtschaftlichen Betrieb von WKA m\u00f6glich machen, als auch die Belastungen f\u00fcr die B\u00fcrger minimieren.\u00a0 <strong>Wir wehren uns, dass unsere Gesundheit und unser Wohlbefinden einer Gewinnmaximierung geopfert wird. Die Vorgabe darf nur hei\u00dfen, Gesundheit vor maximalem Gewinn. Das geht alle B\u00f6hmfelder B\u00fcrger an.<\/strong>\u00a0 Wir setzen auf Vernunft, Besonnenheit, Aufkl\u00e4rung und sachliche Diskussionen. Wir werden unsere hier klar dargestellten Ziele mit Nachdruck und Nachhaltigkeit verfolgen. Wir m\u00f6chten alle interessierten B\u00fcrger ermutigen sich bei uns zu informieren, wir sind gerne und jederzeit ansprechbar.<\/p>\n<p style=\"text-align: center;\">* * *<\/p>\n<p style=\"text-align: center;\"><strong>Hier finden Sie den Flyer mit Informationen zur Windkraftnutzung in B\u00f6hmfeld, der am 12.5.2013 an alle B\u00f6hmfelder Haushalte, sowie betroffene Haushalte in Echenzell, Lippertshofen, Hitzhofen und Hofstetten verteilt wurden<\/strong><\/p>\n<h1 style=\"text-align: center;\"><a href=\"http:\/\/www.bi-boehmfeld.de\/wp-content\/uploads\/2013\/05\/Flyer-zur-Windkraftnutzung-in-B\u00f6hmfeld.pdf\">Flyer zur Windkraftnutzung in B\u00f6hmfeld<\/a><\/h1>\n<p style=\"text-align: center;\">* * *<\/p>\n<p style=\"text-align: center;\"><strong>Hier finden Sie die Petition an die Gemeindevertreter von B\u00f6hmfeld zur Standortwahl von Konzentrationsfl\u00e4chen f\u00fcr Windkraftanlagen (Beginn Unterschriftensammlung 8. M\u00e4rz 2013, \u00dcbergabe an B\u00fcrgermeister Ostermeier am 13. M\u00e4rz 2013 mit mehr als 230 Unterschriften)<\/strong><\/p>\n<h1 style=\"text-align: center;\"><strong><a href=\"http:\/\/www.bi-boehmfeld.de\/wp-content\/uploads\/2013\/05\/Petition.pdf\">Petition<\/a><\/strong><\/h1>\n","protected":false},"excerpt":{"rendered":"<p>Die zahlreichen Unterzeichner der \u201ePetition an die Gemeindevertreter von B\u00f6hmfeld zur Standortwahl der Konzentrationsfl\u00e4chen f\u00fcr Windkraftanlagen\u201c, \u00a0sind ausdr\u00fccklich f\u00fcr erneuerbare Energien und auch f\u00fcr Windkraft, jedoch bei gleichzeitig minimierten Gefahren, Risiken und Bel\u00e4stigungen. Wir m\u00f6chten mit unseren Fakten und Darstellungen dem B\u00fcrger weitere Entscheidungshilfen mitgeben, um sich aus einem breiten Informationsspektrum seine eigene, umfassendere Meinung [&hellip;]<\/p>\n","protected":false},"author":1,"featured_media":0,"parent":0,"menu_order":3,"comment_status":"closed","ping_status":"closed","template":"","meta":[],"_links":{"self":[{"href":"http:\/\/www.bi-boehmfeld.de\/index.php?rest_route=\/wp\/v2\/pages\/15"}],"collection":[{"href":"http:\/\/www.bi-boehmfeld.de\/index.php?rest_route=\/wp\/v2\/pages"}],"about":[{"href":"http:\/\/www.bi-boehmfeld.de\/index.php?rest_route=\/wp\/v2\/types\/page"}],"author":[{"embeddable":true,"href":"http:\/\/www.bi-boehmfeld.de\/index.php?rest_route=\/wp\/v2\/users\/1"}],"replies":[{"embeddable":true,"href":"http:\/\/www.bi-boehmfeld.de\/index.php?rest_route=%2Fwp%2Fv2%2Fcomments&post=15"}],"version-history":[{"count":17,"href":"http:\/\/www.bi-boehmfeld.de\/index.php?rest_route=\/wp\/v2\/pages\/15\/revisions"}],"predecessor-version":[{"id":524,"href":"http:\/\/www.bi-boehmfeld.de\/index.php?rest_route=\/wp\/v2\/pages\/15\/revisions\/524"}],"wp:attachment":[{"href":"http:\/\/www.bi-boehmfeld.de\/index.php?rest_route=%2Fwp%2Fv2%2Fmedia&parent=15"}],"curies":[{"name":"wp","href":"https:\/\/api.w.org\/{rel}","templated":true}]}}